{"id":5,"date":"2017-03-11T12:14:18","date_gmt":"2017-03-11T11:14:18","guid":{"rendered":"http:\/\/s567391839.online.de\/?page_id=5"},"modified":"2025-02-28T16:53:21","modified_gmt":"2025-02-28T15:53:21","slug":"dorfplatz","status":"publish","type":"page","link":"https:\/\/www.mendt-irmeroth.de\/?page_id=5","title":{"rendered":"Dorfplatz"},"content":{"rendered":"<div id=\"table_19520359\">\n<div id=\"table_19520359_container\" class=\"tableContainer\">\n<div class=\"n module-type-text diyfeLiveArea \">\n<p>Die Vermietung des Dorfplatzes Mendt-Irmeroth erfolgt durch die Ortsgemeinde Buchholz.<\/p>\n<p align=\"justify\">Auf Grund der Witterung vermietet die Ortsgemeinde den Platz nur von Mai bis September, Sie sehen daher nur diese Monate im Mietkalender. Es ist leider nicht m\u00f6glich bereits heute Termine f\u00fcr das kommende Kalenderjahr zu belegen. Bitte haben Sie Verst\u00e4ndnis daf\u00fcr und besuchen Sie die Website zu Beginn des Jahres erneut, dann k\u00f6nnen Sie ihren gew\u00fcnschten Termin wie gewohnt w\u00e4hlen und buchen. Vielen Dank f\u00fcr Ihr Verst\u00e4ndnis.<\/p>\n<\/div>\n<p align=\"justify\">Die Termine k\u00f6nnen ausschlie\u00dflich \u00fcber folgende Internetseite reserviert werden, Reservierungen per Email oder Telefon k\u00f6nnen nicht ber\u00fccksichtigt werden <a href=\"http:\/\/dorfplatzvermietung.irmendt.de\/\">http:\/\/dorfplatzvermietung.irmendt.de\/<\/a><\/p>\n<p align=\"justify\"><strong>Schwarz geschriebenes Datum<\/strong> bedeutet, dass der Termin nicht zur Vermietung verf\u00fcgbar ist.<\/p>\n<p align=\"justify\"><span style=\"color: #ff0000;\"><strong>Rot geschriebenes Datum<\/strong> <\/span> bedeutet, dass der Termin fest vergeben ist.<\/p>\n<p align=\"justify\"><span style=\"color: #ffff00;\"><strong>Gelb geschriebenes Datum<\/strong> <\/span> bedeutet, dass der Termin angefragt aber noch nicht angezahlt ist.<\/p>\n<p align=\"justify\"><span style=\"color: #0000ff;\"><strong>Blau geschriebenes Datum<\/strong> <\/span> bedeutet, dass der Termin noch zur Vermietung verf\u00fcgbar ist.<\/p>\n<\/div>\n<div id=\"table_19520359_container\" class=\"tableContainer\">\n<div class=\"n module-type-text diyfeLiveArea \">\n<p align=\"justify\">In der Miete inbegriffen sind die Nutzung der Au\u00dfenanlagen, Grillh\u00fctte mit Toilettenanlage und der K\u00fcche. Zus\u00e4tzlich ist mit der Dorfgemeinschaft Mendt-Irmeroth e.V. ein Vertrag \u00fcber die Nutzung des Inventars abzuschlie\u00dfen. Dieses beinhaltet u.a. 3 K\u00fchlschr\u00e4nke und 2 Gefrierschr\u00e4nke, Sp\u00fclmaschine, 10 Biertische und 20 Bierb\u00e4nke (weitere Anschaffungen in Planung),&nbsp;<strong>kein Grill vorhanden!<\/strong><\/p>\n<p>Bei der Anmietung sind folgende Nutzungsbedingungen zu beachten:<\/p>\n<div class=\"n module-type-downloadDocument diyfeLiveArea \">\n<div class=\"clearover\">\n<div class=\"leftDownload\"><a href=\"https:\/\/www.mendt-irmeroth.de\/wp-content\/uploads\/2025\/02\/Nutzungsbedingungen2025.pdf\" target=\"_blank\" rel=\"noopener noreferrer\"><img loading=\"lazy\" decoding=\"async\" class=\"alignnone\" src=\"http:\/\/cdn.website-start.de\/s\/img\/cc\/icons\/pdf.png\" alt=\"Download\" width=\"51\" height=\"51\"><\/a>PDF-Dokument [80.0 KB]<a href=\"https:\/\/www.mendt-irmeroth.de\/wp-content\/uploads\/2025\/02\/Nutzungsbedingungen2025.pdf\">Nutzungsbedingungen2025.pdf<\/a><\/div>\n<\/div>\n<\/div>\n<div class=\"n module-type-downloadDocument diyfeLiveArea \">\n<div class=\"clearover\">\n<div class=\"rightDownload\">&nbsp;<\/div>\n<\/div>\n<\/div>\n<table border=\"0\" width=\"239\" cellspacing=\"0\" cellpadding=\"3\">\n<tbody>\n<tr>\n<td><strong>Die Preise sind wie folgt festgesetzt:<\/strong><\/td>\n<td>&nbsp;<\/td>\n<\/tr>\n<tr>\n<td>Nutzerkreis<\/td>\n<td>Miete Platz + H\u00fctte an OG Buchholz<\/td>\n<td>Nutzung Inventar an Dorfgem. Mendt-Irmeroth e.V.<\/td>\n<td>Gesamt<\/td>\n<\/tr>\n<tr>\n<td>Nutzer aus der OG Buchholz<\/td>\n<td>50,00\u20ac<\/td>\n<td>70,00\u20ac<\/td>\n<td>120,00\u20ac<\/td>\n<\/tr>\n<tr>\n<td>Sonstige Nutzer<\/td>\n<td>70,00\u20ac<\/td>\n<td>90,00\u20ac<\/td>\n<td>160,00\u20ac<\/td>\n<\/tr>\n<tr>\n<td>Grundschulen der Ortsgemeinde (Kaution entf\u00e4llt!)<\/td>\n<td>0,00\u20ac<\/td>\n<td>30,00\u20ac<\/td>\n<td>30,00\u20ac<\/td>\n<\/tr>\n<tr>\n<td>Kindertagesst\u00e4tten der Ortsgemeinde (Kaution entf\u00e4llt!)<\/td>\n<td>0,00\u20ac<\/td>\n<td>30,00\u20ac<\/td>\n<td>30,00\u20ac<\/td>\n<\/tr>\n<tr>\n<td>alle anderen Schulen und Kindertagesst\u00e4tten<\/td>\n<td>70,00\u20ac<\/td>\n<td>40,00\u20ac<\/td>\n<td>110,00\u20ac<\/td>\n<\/tr>\n<\/tbody>\n<\/table>\n<\/div>\n<div class=\"c\">&nbsp;<\/div>\n<div class=\"c\">Die Benutzungsgeb\u00fchr wird nach der Anfrage durch den Nutzer von der Dorfgemeinschaft Mendt-Irmeroth e.V. ermittelt und per email inkl. Nutzungsvertrag \u00fcbermittelt. Sie ist sp\u00e4testens zwei Wochen nach Reservierung auf das Konto der Verbandsgemeinde Asbach zu \u00fcberweisen und gilt gleichzeitig als Reservierungsbest\u00e4tigung. Der Nutzungsvertrag muss unverz\u00fcglich unterschrieben an uns zur\u00fcck \u00fcbermittelt werden, um ihn der Gemeindeverwaltung vorzulegen.<\/div>\n<div class=\"c\">&nbsp;<\/div>\n<div class=\"c\">Zus\u00e4tzlich ist die Geb\u00fchr f\u00fcr die Nutzung des Inventars sp\u00e4testens zwei Wochen nach Reservierung auf das Konto der Dorfgemeinschaft Mendt-Irmeroth e.V. zu \u00fcberweisen.<\/div>\n<div class=\"c\">&nbsp;<\/div>\n<div class=\"c\">Die Kaution in H\u00f6he von 200,00 \u20ac ist bis sp\u00e4testens zwei Wochen vor der geplanten Nutzung auf das Konto der Verbandsgemeinde zu \u00fcberweisen.<\/div>\n<\/div>\n<p><!--more--><\/p>\n<p><!--more--><\/p>\n<p><!--more--><\/p>\n<div class=\"n module-type-text diyfeLiveArea \"><strong>Die Vereinbarung der Termine wird ausschlie\u00dflich online \u00fcber folgenden Kalender:<\/strong> <br><strong><span style=\"color: #0000ff;\">blaue Termine<\/span><\/strong>&nbsp;sind noch frei (Reservierung erfolgt durch Klick auf den Tag) <br><strong><span style=\"color: #000000;\">schwarze Termine<\/span><\/strong>&nbsp;sind schon von der Dorfgemeinschaft reserviert, bzw. k\u00f6nnen nicht belegt werden. <br><strong><span style=\"color: #ffc04c;\">gelbe Termine<\/span><\/strong>&nbsp;sind angefragt aber noch nicht best\u00e4tigt \/ angezahlt <br><strong><span style=\"color: #ff0000;\">rote Termine<\/span><\/strong>&nbsp;sind fest vergeben <br><br><iframe loading=\"lazy\" src=\"https:\/\/dorfplatzvermietung.irmendt.de\/?monat=5\" width=\"300\" height=\"250\"><\/iframe><iframe loading=\"lazy\" src=\"https:\/\/dorfplatzvermietung.irmendt.de\/?monat=6\" width=\"300\" height=\"250\"><\/iframe><iframe loading=\"lazy\" src=\"https:\/\/dorfplatzvermietung.irmendt.de\/?monat=7\" width=\"300\" height=\"250\"><\/iframe><iframe loading=\"lazy\" src=\"https:\/\/dorfplatzvermietung.irmendt.de\/?monat=8\" width=\"300\" height=\"250\"><\/iframe><iframe loading=\"lazy\" src=\"https:\/\/dorfplatzvermietung.irmendt.de\/?monat=9\" width=\"300\" height=\"250\"><\/iframe> <br><br>Sollten Sie weitere Fragen zur Vermietung haben, erreichen Sie uns per email unter&nbsp;<a href=\"mailto:dorfplatz@mendt-irmeroth.de\" target=\"_self\" rel=\"noopener noreferrer\">dorfplatz@mendt-irmeroth.de<\/a>&nbsp;oder benutzen Sie das&nbsp;<a href=\"https:\/\/www.mendt-irmeroth.de\/?page_id=128\">Kontaktformular<\/a>&nbsp;&nbsp;\n<p>&nbsp;<\/p>\n<p>&nbsp;<\/p>\n<p>&nbsp;<\/p>\n<p>&nbsp;<\/p>\n<p>&nbsp;<\/p>\n<p>&nbsp;<\/p>\n<p>&nbsp;<\/p>\n<p>&nbsp;<\/p>\n<\/div>\nngg_shortcode_0_placeholder\n<p>&nbsp;<\/p>\n<\/div>\n\n\n<p><\/p>\n\n\n","protected":false},"excerpt":{"rendered":"<p>Die Vermietung des Dorfplatzes Mendt-Irmeroth erfolgt durch die Ortsgemeinde Buchholz. Auf Grund der Witterung vermietet die Ortsgemeinde den Platz nur von Mai bis September, Sie sehen daher nur diese Monate im Mietkalender. Es ist leider nicht m\u00f6glich bereits heute Termine &hellip;<\/p>\n<p class=\"read-more\"> <a class=\"more-link\" href=\"https:\/\/www.mendt-irmeroth.de\/?page_id=5\"> <span class=\"screen-reader-text\">Dorfplatz<\/span> Weiterlesen &raquo;<\/a><\/p>\n","protected":false},"author":1,"featured_media":0,"parent":0,"menu_order":0,"comment_status":"closed","ping_status":"closed","template":"full-width-page.php","meta":{"ngg_post_thumbnail":0,"footnotes":""},"class_list":["post-5","page","type-page","status-publish","hentry"],"_links":{"self":[{"href":"https:\/\/www.mendt-irmeroth.de\/index.php?rest_route=\/wp\/v2\/pages\/5","targetHints":{"allow":["GET"]}}],"collection":[{"href":"https:\/\/www.mendt-irmeroth.de\/index.php?rest_route=\/wp\/v2\/pages"}],"about":[{"href":"https:\/\/www.mendt-irmeroth.de\/index.php?rest_route=\/wp\/v2\/types\/page"}],"author":[{"embeddable":true,"href":"https:\/\/www.mendt-irmeroth.de\/index.php?rest_route=\/wp\/v2\/users\/1"}],"replies":[{"embeddable":true,"href":"https:\/\/www.mendt-irmeroth.de\/index.php?rest_route=%2Fwp%2Fv2%2Fcomments&post=5"}],"version-history":[{"count":73,"href":"https:\/\/www.mendt-irmeroth.de\/index.php?rest_route=\/wp\/v2\/pages\/5\/revisions"}],"predecessor-version":[{"id":258,"href":"https:\/\/www.mendt-irmeroth.de\/index.php?rest_route=\/wp\/v2\/pages\/5\/revisions\/258"}],"wp:attachment":[{"href":"https:\/\/www.mendt-irmeroth.de\/index.php?rest_route=%2Fwp%2Fv2%2Fmedia&parent=5"}],"curies":[{"name":"wp","href":"https:\/\/api.w.org\/{rel}","templated":true}]}}